{"id":126,"date":"2020-04-28T08:23:17","date_gmt":"2020-04-28T08:23:17","guid":{"rendered":"http:\/\/blog.nicoleweiser.at\/?page_id=126"},"modified":"2020-04-28T08:23:17","modified_gmt":"2020-04-28T08:23:17","slug":"impressum","status":"publish","type":"page","link":"https:\/\/blog.nicoleweiser.at\/?page_id=126","title":{"rendered":"Impressum"},"content":{"rendered":"<div class=\"panel-body\">\n<p>f\u00fcr alle Inhalte verantwortlich Nicole Weiser<\/p>\n<p>e-mail: atelier@nicoleweiser.at<\/p>\n<p>Copyright by Nicole Weiser<\/p>\n<p>Alle Inhalte, insbesondere Bilder, Fotos, Texte und Graphiken sind urheberrechtlich gesch\u00fctzt. Alle Rechte, einschlie\u00dflich Vervielf\u00e4ltigung, Ver\u00f6ffentlichung und Bearbeitung, bleiben vorbehalten. \u00a9 N.Weiser<\/p>\n<\/div>\n","protected":false},"excerpt":{"rendered":"<p>f\u00fcr alle Inhalte verantwortlich Nicole Weiser e-mail: atelier@nicoleweiser.at Copyright by Nicole Weiser Alle Inhalte, insbesondere Bilder, Fotos, Texte und Graphiken sind urheberrechtlich gesch\u00fctzt. Alle Rechte, einschlie\u00dflich Vervielf\u00e4ltigung, Ver\u00f6ffentlichung und Bearbeitung, bleiben vorbehalten. \u00a9 N.Weiser<\/p>\n","protected":false},"author":2,"featured_media":0,"parent":0,"menu_order":0,"comment_status":"closed","ping_status":"closed","template":"","meta":[],"_links":{"self":[{"href":"https:\/\/blog.nicoleweiser.at\/index.php?rest_route=\/wp\/v2\/pages\/126"}],"collection":[{"href":"https:\/\/blog.nicoleweiser.at\/index.php?rest_route=\/wp\/v2\/pages"}],"about":[{"href":"https:\/\/blog.nicoleweiser.at\/index.php?rest_route=\/wp\/v2\/types\/page"}],"author":[{"embeddable":true,"href":"https:\/\/blog.nicoleweiser.at\/index.php?rest_route=\/wp\/v2\/users\/2"}],"replies":[{"embeddable":true,"href":"https:\/\/blog.nicoleweiser.at\/index.php?rest_route=%2Fwp%2Fv2%2Fcomments&post=126"}],"version-history":[{"count":1,"href":"https:\/\/blog.nicoleweiser.at\/index.php?rest_route=\/wp\/v2\/pages\/126\/revisions"}],"predecessor-version":[{"id":127,"href":"https:\/\/blog.nicoleweiser.at\/index.php?rest_route=\/wp\/v2\/pages\/126\/revisions\/127"}],"wp:attachment":[{"href":"https:\/\/blog.nicoleweiser.at\/index.php?rest_route=%2Fwp%2Fv2%2Fmedia&parent=126"}],"curies":[{"name":"wp","href":"https:\/\/api.w.org\/{rel}","templated":true}]}}